{"id":548,"date":"2017-06-05T14:00:03","date_gmt":"2017-06-05T14:00:03","guid":{"rendered":"https:\/\/cienciaarcana.com\/?page_id=548"},"modified":"2020-12-17T09:44:32","modified_gmt":"2020-12-17T09:44:32","slug":"whatsapp-tarot","status":"publish","type":"page","link":"https:\/\/cienciaarcana.com\/en\/whatsapp-tarot\/","title":{"rendered":"CONSULTA RAPIDA"},"content":{"rendered":"<p>\u00bfTienes una duda que te angustia? \u00bfNo sabes qu\u00e9 decisi\u00f3n tomar porque te falta informaci\u00f3n? \u00bfNecesitas ver claro para poder actuar?<\/p>\n<p>Si has respondido con un SI a estas preguntas, pero adem\u00e1s no quieres hacer una consulta completa o \u00a0te es complicado tomar cita para un d\u00eda y hora determinados, te ofrezco la posibilidad de hacerlo a trav\u00e9s de whatsapp<\/p>\n<p>Una pregunta te costar\u00e1 tan solo 12 euros. Y la respuesta te ser\u00e1 enviada a trav\u00e9s de audio whatsapp o bien por correo electr\u00f3nico, como t\u00fa prefieras. En un plazo m\u00e1ximo de 24 horas a partir de haber recibido el pago.<\/p>\n<p>Adem\u00e1s, as\u00ed tendr\u00e1s la posibilidad de o\u00edr\u00a0 &#8211; o leer \u2013 la respuesta las veces que te sea necesario. R\u00e1pido. Sencillo. Discreto. Ya que no tienes que llamar, ni desplazarte ni nada de nada.<\/p>\n<p>Para poder atenderte, necesito saber tu nombre (no hacen falta apellidos) y fecha de nacimiento. As\u00ed como el de la persona por la que se vaya a preguntar, si este fuera el caso.<\/p>\n<p>Hazme una pregunta concisa y concreta. Y dame un poco el contexto de la situaci\u00f3n.\u00a0 Puesto que cuanto m\u00e1s comprenda t\u00fa pregunta, mejor respuesta podre darte.<\/p>\n<p>No se trata de \u2018adivinar\u2019. Se trata de guiar y aconsejar. La decisi\u00f3n siempre es tuya y solo tuya\u2026<\/p>\n\n<div class=\"wpcf7 no-js\" id=\"wpcf7-f653-o1\" lang=\"es-ES\" dir=\"ltr\">\n<div class=\"screen-reader-response\"><p role=\"status\" aria-live=\"polite\" aria-atomic=\"true\"><\/p> <ul><\/ul><\/div>\n<form action=\"\/en\/wp-json\/wp\/v2\/pages\/548#wpcf7-f653-o1\" method=\"post\" class=\"wpcf7-form init\" aria-label=\"Formulario de contacto\" novalidate=\"novalidate\" data-status=\"init\">\n<div style=\"display: none;\">\n<input type=\"hidden\" name=\"_wpcf7\" value=\"653\" \/>\n<input type=\"hidden\" name=\"_wpcf7_version\" value=\"5.7.7\" \/>\n<input type=\"hidden\" name=\"_wpcf7_locale\" value=\"es_ES\" \/>\n<input type=\"hidden\" name=\"_wpcf7_unit_tag\" value=\"wpcf7-f653-o1\" \/>\n<input type=\"hidden\" name=\"_wpcf7_container_post\" value=\"0\" \/>\n<input type=\"hidden\" name=\"_wpcf7_posted_data_hash\" value=\"\" \/>\n<\/div>\n<p><label> Nombre (requerido)<br \/>\n<span class=\"wpcf7-form-control-wrap\" data-name=\"your-name\"><input size=\"40\" class=\"wpcf7-form-control wpcf7-text wpcf7-validates-as-required\" aria-required=\"true\" aria-invalid=\"false\" value=\"\" type=\"text\" name=\"your-name\" \/><\/span> <\/label>\n<\/p>\n<p><label> Tu correo electr\u00f3nico (requerido)<br \/>\n<span class=\"wpcf7-form-control-wrap\" data-name=\"your-email\"><input size=\"40\" class=\"wpcf7-form-control wpcf7-text wpcf7-email wpcf7-validates-as-required wpcf7-validates-as-email\" aria-required=\"true\" aria-invalid=\"false\" value=\"\" type=\"email\" name=\"your-email\" \/><\/span> <\/label><br \/>\n<label> Telefono (requerido)<br \/>\n<span class=\"wpcf7-form-control-wrap\" data-name=\"tel-909\"><input size=\"40\" class=\"wpcf7-form-control wpcf7-text wpcf7-tel wpcf7-validates-as-required wpcf7-validates-as-tel\" aria-required=\"true\" aria-invalid=\"false\" value=\"\" type=\"tel\" name=\"tel-909\" \/><\/span><\/label>\n<\/p>\n<p><label> Mensaje<br \/>\n<span class=\"wpcf7-form-control-wrap\" data-name=\"your-message\"><textarea cols=\"40\" rows=\"10\" class=\"wpcf7-form-control wpcf7-textarea\" aria-invalid=\"false\" name=\"your-message\"><\/textarea><\/span> <\/label><br \/>\n<span id=\"wpcf7-69d48fb79031a-wrapper\" class=\"wpcf7-form-control-wrap datoimportante-wrap\" ><input id=\"wpcf7-69d48fb79031a-field\"  class=\"wpcf7-form-control wpcf7-text\" type=\"text\" name=\"datoimportante\" value=\"\" size=\"40\" tabindex=\"-1\" autocomplete=\"off\" \/><\/span>\n<\/p>\n<p><input class=\"wpcf7-form-control has-spinner wpcf7-submit\" type=\"submit\" value=\"Enviar y pagar 12\u20ac por Paypal o tarjeta\" \/>\n<\/p><div class=\"wpcf7-response-output\" aria-hidden=\"true\"><\/div>\n<\/form>\n<\/div>\n\n<form action=\"https:\/\/www.paypal.com\/cgi-bin\/webscr\" method=\"post\" target=\"_top\"><input name=\"cmd\" type=\"hidden\" value=\"_s-xclick\" \/><\/p>\n","protected":false},"excerpt":{"rendered":"<p>\u00bfTienes una duda que te angustia? \u00bfNo sabes qu\u00e9 decisi\u00f3n tomar porque te falta informaci\u00f3n? \u00bfNecesitas ver claro para poder actuar? Si has respondido con un SI a estas preguntas, pero adem\u00e1s no quieres hacer una consulta completa o \u00a0te es complicado tomar cita para un d\u00eda y hora determinados, te ofrezco la posibilidad de &#8230; <a title=\"CONSULTA RAPIDA\" class=\"read-more\" href=\"https:\/\/cienciaarcana.com\/en\/whatsapp-tarot\/\" aria-label=\"Read more about CONSULTA RAPIDA\">Read more<\/a><\/p>\n","protected":false},"author":1,"featured_media":0,"parent":0,"menu_order":0,"comment_status":"closed","ping_status":"closed","template":"","meta":{"footnotes":""},"class_list":["post-548","page","type-page","status-publish"],"yoast_head":"<!-- This site is optimized with the Yoast SEO plugin v20.8 - https:\/\/yoast.com\/wordpress\/plugins\/seo\/ -->\n<title>CONSULTA RAPIDA - CIENCIA ARCANA ARCHAN SCIENCE<\/title>\n<meta name=\"robots\" content=\"index, follow, max-snippet:-1, max-image-preview:large, max-video-preview:-1\" \/>\n<link rel=\"canonical\" href=\"https:\/\/cienciaarcana.com\/en\/whatsapp-tarot\/\" \/>\n<meta property=\"og:locale\" content=\"en_GB\" \/>\n<meta property=\"og:type\" content=\"article\" \/>\n<meta property=\"og:title\" content=\"CONSULTA RAPIDA - CIENCIA ARCANA ARCHAN SCIENCE\" \/>\n<meta property=\"og:description\" content=\"\u00bfTienes una duda que te angustia? \u00bfNo sabes qu\u00e9 decisi\u00f3n tomar porque te falta informaci\u00f3n? \u00bfNecesitas ver claro para poder actuar? Si has respondido con un SI a estas preguntas, pero adem\u00e1s no quieres hacer una consulta completa o \u00a0te es complicado tomar cita para un d\u00eda y hora determinados, te ofrezco la posibilidad de ... Read more\" \/>\n<meta property=\"og:url\" content=\"https:\/\/cienciaarcana.com\/en\/whatsapp-tarot\/\" \/>\n<meta property=\"og:site_name\" content=\"CIENCIA ARCANA ARCHAN SCIENCE\" \/>\n<meta property=\"article:modified_time\" content=\"2020-12-17T09:44:32+00:00\" \/>\n<meta name=\"twitter:card\" content=\"summary_large_image\" \/>\n<meta name=\"twitter:label1\" content=\"Estimated reading time\" \/>\n\t<meta name=\"twitter:data1\" content=\"1 minute\" \/>\n<script type=\"application\/ld+json\" class=\"yoast-schema-graph\">{\"@context\":\"https:\/\/schema.org\",\"@graph\":[{\"@type\":\"WebPage\",\"@id\":\"https:\/\/cienciaarcana.com\/en\/whatsapp-tarot\/\",\"url\":\"https:\/\/cienciaarcana.com\/en\/whatsapp-tarot\/\",\"name\":\"CONSULTA RAPIDA - CIENCIA ARCANA ARCHAN SCIENCE\",\"isPartOf\":{\"@id\":\"https:\/\/cienciaarcana.com\/en\/#website\"},\"datePublished\":\"2017-06-05T14:00:03+00:00\",\"dateModified\":\"2020-12-17T09:44:32+00:00\",\"inLanguage\":\"en-GB\",\"potentialAction\":[{\"@type\":\"ReadAction\",\"target\":[\"https:\/\/cienciaarcana.com\/en\/whatsapp-tarot\/\"]}]},{\"@type\":\"WebSite\",\"@id\":\"https:\/\/cienciaarcana.com\/en\/#website\",\"url\":\"https:\/\/cienciaarcana.com\/en\/\",\"name\":\"CIENCIA ARCANA ARCHAN SCIENCE\",\"description\":\"Human guidance through TAROT\",\"publisher\":{\"@id\":\"https:\/\/cienciaarcana.com\/en\/#organization\"},\"potentialAction\":[{\"@type\":\"SearchAction\",\"target\":{\"@type\":\"EntryPoint\",\"urlTemplate\":\"https:\/\/cienciaarcana.com\/en\/?s={search_term_string}\"},\"query-input\":\"required name=search_term_string\"}],\"inLanguage\":\"en-GB\"},{\"@type\":\"Organization\",\"@id\":\"https:\/\/cienciaarcana.com\/en\/#organization\",\"name\":\"CIENCIA ARCANA ARCHAN SCIENCE\",\"url\":\"https:\/\/cienciaarcana.com\/en\/\",\"logo\":{\"@type\":\"ImageObject\",\"inLanguage\":\"en-GB\",\"@id\":\"https:\/\/cienciaarcana.com\/en\/#\/schema\/logo\/image\/\",\"url\":\"https:\/\/cienciaarcana.com\/en\/wp-content\/uploads\/sites\/5\/2020\/12\/logocienciaarcana-2020.png\",\"contentUrl\":\"https:\/\/cienciaarcana.com\/en\/wp-content\/uploads\/sites\/5\/2020\/12\/logocienciaarcana-2020.png\",\"width\":317,\"height\":184,\"caption\":\"CIENCIA ARCANA ARCHAN SCIENCE\"},\"image\":{\"@id\":\"https:\/\/cienciaarcana.com\/en\/#\/schema\/logo\/image\/\"}}]}<\/script>\n<!-- \/ Yoast SEO plugin. -->","yoast_head_json":{"title":"CONSULTA RAPIDA - CIENCIA ARCANA ARCHAN SCIENCE","robots":{"index":"index","follow":"follow","max-snippet":"max-snippet:-1","max-image-preview":"max-image-preview:large","max-video-preview":"max-video-preview:-1"},"canonical":"https:\/\/cienciaarcana.com\/en\/whatsapp-tarot\/","og_locale":"en_GB","og_type":"article","og_title":"CONSULTA RAPIDA - CIENCIA ARCANA ARCHAN SCIENCE","og_description":"\u00bfTienes una duda que te angustia? \u00bfNo sabes qu\u00e9 decisi\u00f3n tomar porque te falta informaci\u00f3n? \u00bfNecesitas ver claro para poder actuar? Si has respondido con un SI a estas preguntas, pero adem\u00e1s no quieres hacer una consulta completa o \u00a0te es complicado tomar cita para un d\u00eda y hora determinados, te ofrezco la posibilidad de ... Read more","og_url":"https:\/\/cienciaarcana.com\/en\/whatsapp-tarot\/","og_site_name":"CIENCIA ARCANA ARCHAN SCIENCE","article_modified_time":"2020-12-17T09:44:32+00:00","twitter_card":"summary_large_image","twitter_misc":{"Estimated reading time":"1 minute"},"schema":{"@context":"https:\/\/schema.org","@graph":[{"@type":"WebPage","@id":"https:\/\/cienciaarcana.com\/en\/whatsapp-tarot\/","url":"https:\/\/cienciaarcana.com\/en\/whatsapp-tarot\/","name":"CONSULTA RAPIDA - CIENCIA ARCANA ARCHAN SCIENCE","isPartOf":{"@id":"https:\/\/cienciaarcana.com\/en\/#website"},"datePublished":"2017-06-05T14:00:03+00:00","dateModified":"2020-12-17T09:44:32+00:00","inLanguage":"en-GB","potentialAction":[{"@type":"ReadAction","target":["https:\/\/cienciaarcana.com\/en\/whatsapp-tarot\/"]}]},{"@type":"WebSite","@id":"https:\/\/cienciaarcana.com\/en\/#website","url":"https:\/\/cienciaarcana.com\/en\/","name":"CIENCIA ARCANA ARCHAN SCIENCE","description":"Human guidance through TAROT","publisher":{"@id":"https:\/\/cienciaarcana.com\/en\/#organization"},"potentialAction":[{"@type":"SearchAction","target":{"@type":"EntryPoint","urlTemplate":"https:\/\/cienciaarcana.com\/en\/?s={search_term_string}"},"query-input":"required name=search_term_string"}],"inLanguage":"en-GB"},{"@type":"Organization","@id":"https:\/\/cienciaarcana.com\/en\/#organization","name":"CIENCIA ARCANA ARCHAN SCIENCE","url":"https:\/\/cienciaarcana.com\/en\/","logo":{"@type":"ImageObject","inLanguage":"en-GB","@id":"https:\/\/cienciaarcana.com\/en\/#\/schema\/logo\/image\/","url":"https:\/\/cienciaarcana.com\/en\/wp-content\/uploads\/sites\/5\/2020\/12\/logocienciaarcana-2020.png","contentUrl":"https:\/\/cienciaarcana.com\/en\/wp-content\/uploads\/sites\/5\/2020\/12\/logocienciaarcana-2020.png","width":317,"height":184,"caption":"CIENCIA ARCANA ARCHAN SCIENCE"},"image":{"@id":"https:\/\/cienciaarcana.com\/en\/#\/schema\/logo\/image\/"}}]}},"_links":{"self":[{"href":"https:\/\/cienciaarcana.com\/en\/wp-json\/wp\/v2\/pages\/548","targetHints":{"allow":["GET"]}}],"collection":[{"href":"https:\/\/cienciaarcana.com\/en\/wp-json\/wp\/v2\/pages"}],"about":[{"href":"https:\/\/cienciaarcana.com\/en\/wp-json\/wp\/v2\/types\/page"}],"author":[{"embeddable":true,"href":"https:\/\/cienciaarcana.com\/en\/wp-json\/wp\/v2\/users\/1"}],"replies":[{"embeddable":true,"href":"https:\/\/cienciaarcana.com\/en\/wp-json\/wp\/v2\/comments?post=548"}],"version-history":[{"count":8,"href":"https:\/\/cienciaarcana.com\/en\/wp-json\/wp\/v2\/pages\/548\/revisions"}],"predecessor-version":[{"id":660,"href":"https:\/\/cienciaarcana.com\/en\/wp-json\/wp\/v2\/pages\/548\/revisions\/660"}],"wp:attachment":[{"href":"https:\/\/cienciaarcana.com\/en\/wp-json\/wp\/v2\/media?parent=548"}],"curies":[{"name":"wp","href":"https:\/\/api.w.org\/{rel}","templated":true}]}}