{"id":223,"date":"2017-04-19T13:56:15","date_gmt":"2017-04-19T13:56:15","guid":{"rendered":"https:\/\/cienciaarcana.com\/?page_id=223"},"modified":"2020-12-17T12:54:16","modified_gmt":"2020-12-17T12:54:16","slug":"inicio","status":"publish","type":"page","link":"https:\/\/cienciaarcana.com\/en\/","title":{"rendered":"INICIO"},"content":{"rendered":"\n<p>Bienvenidos a cienciaarcana.com<\/p>\n\n\n\n<p>Hola amigos,<\/p>\n\n\n\n<p>Es con un gran placer que os doy la bienvenida a esta p\u00e1gina hecha con todo mimo y cari\u00f1o, para hacer llegar a vosotros la sabidur\u00eda milenaria del tarot y de la magia. As\u00ed como la numerolog\u00eda y la astrolog\u00eda. Entendiendo estas materias como una herramienta de evoluci\u00f3n personal.<\/p>\n\n\n\n<p>Porque solo aquel que logra conocerse a s\u00ed mismo, &nbsp;en profundidad, ser\u00e1 capaz de poder comprender a los dem\u00e1s.<\/p>\n\n\n\n<p>Humildemente, el prop\u00f3sito que a m\u00ed me gustar\u00eda conseguir, es el de proporcionar las herramientas adecuadas para la evoluci\u00f3n de la persona que hacia m\u00ed se dirija. Para unos podr\u00e1 ser una consulta al or\u00e1culo del tarot, que le permita ver claro. Para otra, podr\u00e1 ser la realizaci\u00f3n de su carta astral, que le indicar\u00e1 claramente sus \u2018caballitos de batalla\u2019, para otros podr\u00e1 ser su carta de numerolog\u00eda karmica, con lo que tendr\u00e1 m\u00e1s claro los karmas \u2013 lecciones \u2013 que ha venido a trabajarse en este \u2018planeta-escuela\u2019. Para otros podr\u00eda ser el estudio de la magia blanca, el tarot, el or\u00e1culo de Bellini\u2026 que les permita desarrollar sus dones y atraer lo que se desea\u2026<\/p>\n\n\n\n<p>As\u00ed pues, aqu\u00ed &nbsp;vais a encontrar secciones de tarot, rituales, hor\u00f3scopos,&nbsp; cursos de tarot y magia blanca &#8211; para todos aquellos que deseen profundizar m\u00e1s en estos campos y as\u00ed poder desarrollar los dones con los que todos y cada uno hemos nacido &#8211;&nbsp; consejos personalizados y todo aquello que os pueda ser \u00fatil.<\/p>\n\n\n\n<p>Adem\u00e1s de una tienda online para que pod\u00e1is obtener los productos necesarios para vuestros rituales\u2026lo cre\u00e1is o no, la magia existe.<\/p>\n\n\n\n<p>Est\u00e1is&nbsp; en &nbsp;una p\u00e1gina hecha por y para vosotros. Espero que \u2018abus\u00e9is\u2019 todo lo que quer\u00e1is y m\u00e1s a\u00fan.<\/p>\n\n\n\n<p>Pero antes que nada, permitirme que me presente. Mi nombre es Rosa, y esto no es \u2018el tarot de Rosa\u2019 sino la lectura de una ciencia arcana y milenaria. De un or\u00e1culo sagrado.<\/p>\n\n\n\n<p>Desde muy ni\u00f1a me he sentido atra\u00edda por este mundo maravilloso, pero ya profesionalmente me dedico a ello desde hace 25 a\u00f1os, lo cual \u2013 espero \u2013 avala mi profesionalidad.<\/p>\n\n\n\n<p>Cuando me preguntan por mi profesi\u00f3n, me gusta decir: ORIENTACI\u00d3N HUMANA a trav\u00e9s del tarot. Porque eso es lo que es para m\u00ed. Aqu\u00ed no se trata tanto de adivinar \u2013 que por supuesto que s\u00ed \u2013 sino m\u00e1s bien y sobre todo, de poder ayudar a las personas en sus dudas, en sus decisiones, en que juntas exploremos el porqu\u00e9 de la situaci\u00f3n en que te encuentras, y, por supuesto, el poder encontrar soluciones a problemas y bloqueos, ya que por desgracia, la mayor parte de las veces, heridas del pasado nos envenenan y nos impiden avanzar. Todos sabemos que los miedos son el mayor freno en la vida.<\/p>\n\n\n\n<p>Como os dec\u00eda, el tarot es una ciencia, es un lenguaje que yo he aprendido a descifrar, y esto requiere estudio, estudio y m\u00e1s estudio. Como si de una carrera de medicina se tratara. Y as\u00ed me gusta considerarme \u2013 sin prepotencia y con toda humildad \u2013 no soy m\u00e9dico, pero ejerzo de \u2018m\u00e9dico del alma\u2019\u2026 cuando me dejan. Simplemente, tengo muy claro que para esto he nacido: para ayudar a mis semejantes, a todo aquel que llame a mi puerta.<\/p>\n\n\n\n<p>Esta es mi profesi\u00f3n, una profesi\u00f3n maravillosa, que me colma de satisfacciones pero que, como cualquier otra, requiere estudio, esfuerzo y dedicaci\u00f3n. Me he formado con las mejores profesoras y sigo cada d\u00eda&nbsp; intentando saber m\u00e1s, profundizar m\u00e1s en este camino. Con la ayuda tambi\u00e9n de otras herramientas como son la numerolog\u00eda karmica y la astrolog\u00eda. Al final, se termina combinando todo, y los resultados son maravillosos.<\/p>\n\n\n\n<p><\/p>\n\n\n\n<p>Aqu\u00ed no est\u00e1is en un gabinete, aqu\u00ed estoy yo \u00fanicamente y es una atenci\u00f3n totalmente personalizada la que os ofrezco. Desde hace varios a\u00f1os tengo consulta privada y hoy por fin, puedo cumplir otro de mis sue\u00f1os: esta p\u00e1gina web para poder llegar con m\u00e1s facilidad&nbsp; a todo aquel que lo necesite.<\/p>\n\n\n\n<p>No os voy a contar milongas sobre \u2018aciertos al 100%\u2019 porque el no equivocarse solo pertenece a Dios, y yo, como simple humano, humildemente tengo que confesar que he tenido algunas equivocaciones\u2026 a Dios gracias no muchas, eso tambi\u00e9n es verdad.<\/p>\n\n\n\n<p>\u00bfVidente? Pues francamente, no s\u00e9 muy bien si puedo calificarme como tal; no creo que la videncia sea un don que se apaga y se enciende cada vez que se desee. Ni tampoco&nbsp; creo que sea posible ser vidente todo el tiempo; seria francamente agotador.<\/p>\n\n\n\n<p>Pero sipuedo decir que con el tiempo y la experiencia, se desarrolla ese \u2018algo\u2019 quiz\u00e1s videncia,&nbsp; quiz\u00e1s sexto sentido, quiz\u00e1s intuici\u00f3n que hace que se afine mucho m\u00e1s, que se pueda ir m\u00e1s all\u00e1 de la frontera marcada por las cartas. Es en verdad, fascinante.<\/p>\n\n\n\n<p>Miforma de utilizar el&nbsp; tarot es pues evolutiva e interactiva.<\/p>\n\n\n\n<p>Que quiere decir esto: pues simplemente que no me limito a un \u2018si\u2019 a un \u2018no\u2019 para vuestras preguntas, sino que para aquellas que lo deseen se va m\u00e1s all\u00e1, se analiza, se busca, se aconseja\u2026 es decir, evolucionamos como seres humanos, comprendiendo el pasado, aceptando el presente para as\u00ed mejorar el futuro.<\/p>\n\n\n\n<p>E interactivo? Bien sencillo, porque esto es un asunto entre t\u00fa y yo, un dialogo, una b\u00fasqueda del c\u00f3mo y del porqu\u00e9 de cada situaci\u00f3n. Y para eso, no debe de ser monologo, sino dialogo y&nbsp; comunicaci\u00f3n de dos personas. Yo traduzco un or\u00e1culo, te informo, y entre las dos, superamos los obst\u00e1culos.<\/p>\n\n\n\n<p>As\u00ed de simple.<\/p>\n\n\n\n<p>Como os dec\u00eda m\u00e1s arriba, en estas p\u00e1ginas tambi\u00e9n encontrareis cursos de tarot para todos aquellos que quieran iniciarse en este mundo \u2013 no solo para \u2018adivinar\u2019 sino sobre todo y ante todo para un mayor conocimiento de vosotros mismos y de vuestra evoluci\u00f3n personal.<\/p>\n\n\n\n<p>As\u00ed mismo encontrareis tambi\u00e9n cursos de magia blanca. \u00bfQu\u00e9 porque os deber\u00eda de interesar este tema? Pues bien sencillo.&nbsp; La magia es energ\u00eda. La energ\u00eda nos rodea y tenemos por tanto todo el derecho del mundo para utilizarla y servirnos de ella a fin de mejorar nuestras vidas, sin para ello, por supuesto, hacer da\u00f1o a nadie, nunca jam\u00e1s, pues ah\u00ed se caer\u00eda en el \u2018lado oscuro\u2019 en la magia negra y las manipulaciones, a lo cual me opongo totalmente pues hay que respetar a todos y cada uno.<\/p>\n\n\n\n<p>Dicho esto, \u00bfQu\u00e9 mal hay en intentar mejorar nuestra situaci\u00f3n? Muy a menudo comparo la utilizaci\u00f3n de la magia blanca \u2013 velas, aceites, polvos, hierbas \u2013 con las cremas de belleza. Quiz\u00e1s no se vea el resultado de una forma inmediata\u2026pero el cabo de unos meses, hay que ver como vemos mejorada nuestra piel.<\/p>\n\n\n\n<p>Esto es la magia: perseverancia y constancia a fin de que las energ\u00edas y vibraciones positivas se pongan de nuestro lado para&nbsp; hacer realidad&nbsp; nuestros deseos. Pero no os enga\u00f1\u00e9is, la magia no es sin\u00f3nimo de \u2018milagros\u2019. Todo requiere tiempo y constancia.<\/p>\n\n\n\n<p>Os invito pues al conocimiento y al saber; al saber sobre vosotros mismos, sobre el mundo y el universo\u2026abiertas dejo las puertas para todos aquellos que tengan el valor y la curiosidad necesarias para dar un paso m\u00e1s all\u00e1\u2026. El que busca, encuentra, pero hay que hacer el esfuerzo de dar el primer paso. Yo estoy aqu\u00ed, pero no puedo ir en vuestra b\u00fasqueda.<\/p>\n\n\n\n<p>Cualquier duda, cualquier curiosidad, cualquier necesidad, no dud\u00e9is en contactar conmigo, bien sea a trav\u00e9s del tel\u00e9fono de contacto o bien a trav\u00e9s del correo electr\u00f3nico. Estoy totalmente a vuestra entera disposici\u00f3n.<\/p>\n\n\n\n<p>Os animo a entrar en cada una de las secciones de esta p\u00e1gina, para que vay\u00e1is descubriendo por vosotros mismos sus contenidos.&nbsp; As\u00ed mismo, tambi\u00e9n me gustar\u00eda recibir vuestros correos con sugerencias y comentarios; esto me permitir\u00e1 \u2018afinar\u2019 m\u00e1s, a fin de hacer de esta p\u00e1gina, VUESTRA p\u00e1gina.<\/p>\n\n\n\n<p>En todo caso, mil gracias por haberme le\u00eddo, y espero que disfrut\u00e9is de su contenido tanto como yo lo he hecho en su preparaci\u00f3n.<\/p>\n\n\n\n<p>Gracias a todos\u2026 y adelante sin miedo en el mundo maravilloso de la espiritualidad.<\/p>\n\n\n\n<p><\/p>\n","protected":false},"excerpt":{"rendered":"<p>Bienvenidos a cienciaarcana.com Hola amigos, Es con un gran placer que os doy la bienvenida a esta p\u00e1gina hecha con todo mimo y cari\u00f1o, para hacer llegar a vosotros la sabidur\u00eda milenaria del tarot y de la magia. As\u00ed como la numerolog\u00eda y la astrolog\u00eda. Entendiendo estas materias como una herramienta de evoluci\u00f3n personal. Porque &#8230; <a title=\"INICIO\" class=\"read-more\" href=\"https:\/\/cienciaarcana.com\/en\/\" aria-label=\"Read more about INICIO\">Read more<\/a><\/p>\n","protected":false},"author":1,"featured_media":0,"parent":0,"menu_order":0,"comment_status":"closed","ping_status":"closed","template":"","meta":{"footnotes":""},"class_list":["post-223","page","type-page","status-publish"],"yoast_head":"<!-- This site is optimized with the Yoast SEO plugin v27.4 - https:\/\/yoast.com\/product\/yoast-seo-wordpress\/ -->\n<title>INICIO - CIENCIA ARCANA ARCHAN SCIENCE<\/title>\n<meta name=\"robots\" content=\"index, follow, max-snippet:-1, max-image-preview:large, max-video-preview:-1\" \/>\n<link rel=\"canonical\" href=\"https:\/\/cienciaarcana.com\/en\/\" \/>\n<meta property=\"og:locale\" content=\"en_GB\" \/>\n<meta property=\"og:type\" content=\"article\" \/>\n<meta property=\"og:title\" content=\"INICIO - CIENCIA ARCANA ARCHAN SCIENCE\" \/>\n<meta property=\"og:description\" content=\"Bienvenidos a cienciaarcana.com Hola amigos, Es con un gran placer que os doy la bienvenida a esta p\u00e1gina hecha con todo mimo y cari\u00f1o, para hacer llegar a vosotros la sabidur\u00eda milenaria del tarot y de la magia. As\u00ed como la numerolog\u00eda y la astrolog\u00eda. Entendiendo estas materias como una herramienta de evoluci\u00f3n personal. Porque ... Read more\" \/>\n<meta property=\"og:url\" content=\"https:\/\/cienciaarcana.com\/en\/\" \/>\n<meta property=\"og:site_name\" content=\"CIENCIA ARCANA ARCHAN SCIENCE\" \/>\n<meta property=\"article:modified_time\" content=\"2020-12-17T12:54:16+00:00\" \/>\n<meta name=\"twitter:card\" content=\"summary_large_image\" \/>\n<meta name=\"twitter:label1\" content=\"Estimated reading time\" \/>\n\t<meta name=\"twitter:data1\" content=\"7 minutes\" \/>\n<script type=\"application\/ld+json\" class=\"yoast-schema-graph\">{\"@context\":\"https:\\\/\\\/schema.org\",\"@graph\":[{\"@type\":\"WebPage\",\"@id\":\"https:\\\/\\\/cienciaarcana.com\\\/en\\\/\",\"url\":\"https:\\\/\\\/cienciaarcana.com\\\/en\\\/\",\"name\":\"INICIO - CIENCIA ARCANA ARCHAN SCIENCE\",\"isPartOf\":{\"@id\":\"https:\\\/\\\/cienciaarcana.com\\\/en\\\/#website\"},\"datePublished\":\"2017-04-19T13:56:15+00:00\",\"dateModified\":\"2020-12-17T12:54:16+00:00\",\"inLanguage\":\"en-GB\",\"potentialAction\":[{\"@type\":\"ReadAction\",\"target\":[\"https:\\\/\\\/cienciaarcana.com\\\/en\\\/\"]}]},{\"@type\":\"WebSite\",\"@id\":\"https:\\\/\\\/cienciaarcana.com\\\/en\\\/#website\",\"url\":\"https:\\\/\\\/cienciaarcana.com\\\/en\\\/\",\"name\":\"CIENCIA ARCANA ARCHAN SCIENCE\",\"description\":\"Human guidance through TAROT\",\"publisher\":{\"@id\":\"https:\\\/\\\/cienciaarcana.com\\\/en\\\/#organization\"},\"potentialAction\":[{\"@type\":\"SearchAction\",\"target\":{\"@type\":\"EntryPoint\",\"urlTemplate\":\"https:\\\/\\\/cienciaarcana.com\\\/en\\\/?s={search_term_string}\"},\"query-input\":{\"@type\":\"PropertyValueSpecification\",\"valueRequired\":true,\"valueName\":\"search_term_string\"}}],\"inLanguage\":\"en-GB\"},{\"@type\":\"Organization\",\"@id\":\"https:\\\/\\\/cienciaarcana.com\\\/en\\\/#organization\",\"name\":\"CIENCIA ARCANA ARCHAN SCIENCE\",\"url\":\"https:\\\/\\\/cienciaarcana.com\\\/en\\\/\",\"logo\":{\"@type\":\"ImageObject\",\"inLanguage\":\"en-GB\",\"@id\":\"https:\\\/\\\/cienciaarcana.com\\\/en\\\/#\\\/schema\\\/logo\\\/image\\\/\",\"url\":\"https:\\\/\\\/cienciaarcana.com\\\/en\\\/wp-content\\\/uploads\\\/sites\\\/5\\\/2020\\\/12\\\/logocienciaarcana-2020.png\",\"contentUrl\":\"https:\\\/\\\/cienciaarcana.com\\\/en\\\/wp-content\\\/uploads\\\/sites\\\/5\\\/2020\\\/12\\\/logocienciaarcana-2020.png\",\"width\":317,\"height\":184,\"caption\":\"CIENCIA ARCANA ARCHAN SCIENCE\"},\"image\":{\"@id\":\"https:\\\/\\\/cienciaarcana.com\\\/en\\\/#\\\/schema\\\/logo\\\/image\\\/\"}}]}<\/script>\n<!-- \/ Yoast SEO plugin. -->","yoast_head_json":{"title":"INICIO - CIENCIA ARCANA ARCHAN SCIENCE","robots":{"index":"index","follow":"follow","max-snippet":"max-snippet:-1","max-image-preview":"max-image-preview:large","max-video-preview":"max-video-preview:-1"},"canonical":"https:\/\/cienciaarcana.com\/en\/","og_locale":"en_GB","og_type":"article","og_title":"INICIO - CIENCIA ARCANA ARCHAN SCIENCE","og_description":"Bienvenidos a cienciaarcana.com Hola amigos, Es con un gran placer que os doy la bienvenida a esta p\u00e1gina hecha con todo mimo y cari\u00f1o, para hacer llegar a vosotros la sabidur\u00eda milenaria del tarot y de la magia. As\u00ed como la numerolog\u00eda y la astrolog\u00eda. Entendiendo estas materias como una herramienta de evoluci\u00f3n personal. Porque ... Read more","og_url":"https:\/\/cienciaarcana.com\/en\/","og_site_name":"CIENCIA ARCANA ARCHAN SCIENCE","article_modified_time":"2020-12-17T12:54:16+00:00","twitter_card":"summary_large_image","twitter_misc":{"Estimated reading time":"7 minutes"},"schema":{"@context":"https:\/\/schema.org","@graph":[{"@type":"WebPage","@id":"https:\/\/cienciaarcana.com\/en\/","url":"https:\/\/cienciaarcana.com\/en\/","name":"INICIO - CIENCIA ARCANA ARCHAN SCIENCE","isPartOf":{"@id":"https:\/\/cienciaarcana.com\/en\/#website"},"datePublished":"2017-04-19T13:56:15+00:00","dateModified":"2020-12-17T12:54:16+00:00","inLanguage":"en-GB","potentialAction":[{"@type":"ReadAction","target":["https:\/\/cienciaarcana.com\/en\/"]}]},{"@type":"WebSite","@id":"https:\/\/cienciaarcana.com\/en\/#website","url":"https:\/\/cienciaarcana.com\/en\/","name":"CIENCIA ARCANA ARCHAN SCIENCE","description":"Human guidance through TAROT","publisher":{"@id":"https:\/\/cienciaarcana.com\/en\/#organization"},"potentialAction":[{"@type":"SearchAction","target":{"@type":"EntryPoint","urlTemplate":"https:\/\/cienciaarcana.com\/en\/?s={search_term_string}"},"query-input":{"@type":"PropertyValueSpecification","valueRequired":true,"valueName":"search_term_string"}}],"inLanguage":"en-GB"},{"@type":"Organization","@id":"https:\/\/cienciaarcana.com\/en\/#organization","name":"CIENCIA ARCANA ARCHAN SCIENCE","url":"https:\/\/cienciaarcana.com\/en\/","logo":{"@type":"ImageObject","inLanguage":"en-GB","@id":"https:\/\/cienciaarcana.com\/en\/#\/schema\/logo\/image\/","url":"https:\/\/cienciaarcana.com\/en\/wp-content\/uploads\/sites\/5\/2020\/12\/logocienciaarcana-2020.png","contentUrl":"https:\/\/cienciaarcana.com\/en\/wp-content\/uploads\/sites\/5\/2020\/12\/logocienciaarcana-2020.png","width":317,"height":184,"caption":"CIENCIA ARCANA ARCHAN SCIENCE"},"image":{"@id":"https:\/\/cienciaarcana.com\/en\/#\/schema\/logo\/image\/"}}]}},"_links":{"self":[{"href":"https:\/\/cienciaarcana.com\/en\/wp-json\/wp\/v2\/pages\/223","targetHints":{"allow":["GET"]}}],"collection":[{"href":"https:\/\/cienciaarcana.com\/en\/wp-json\/wp\/v2\/pages"}],"about":[{"href":"https:\/\/cienciaarcana.com\/en\/wp-json\/wp\/v2\/types\/page"}],"author":[{"embeddable":true,"href":"https:\/\/cienciaarcana.com\/en\/wp-json\/wp\/v2\/users\/1"}],"replies":[{"embeddable":true,"href":"https:\/\/cienciaarcana.com\/en\/wp-json\/wp\/v2\/comments?post=223"}],"version-history":[{"count":6,"href":"https:\/\/cienciaarcana.com\/en\/wp-json\/wp\/v2\/pages\/223\/revisions"}],"predecessor-version":[{"id":707,"href":"https:\/\/cienciaarcana.com\/en\/wp-json\/wp\/v2\/pages\/223\/revisions\/707"}],"wp:attachment":[{"href":"https:\/\/cienciaarcana.com\/en\/wp-json\/wp\/v2\/media?parent=223"}],"curies":[{"name":"wp","href":"https:\/\/api.w.org\/{rel}","templated":true}]}}